{"id":8,"date":"2025-10-24T10:51:06","date_gmt":"2025-10-24T10:51:06","guid":{"rendered":"https:\/\/ldelablanca.mkgv1.com.es\/?page_id=8"},"modified":"2025-12-03T17:31:17","modified_gmt":"2025-12-03T17:31:17","slug":"pagina-de-inicio","status":"publish","type":"page","link":"https:\/\/ldelablanca.mkgv1.com.es\/","title":{"rendered":"P\u00e1gina de inicio"},"content":{"rendered":"\n<div class=\"wp-block-group has-global-padding is-layout-constrained wp-block-group-is-layout-constrained\">\n<div style=\"height:57px\" aria-hidden=\"true\" class=\"wp-block-spacer\"><\/div>\n\n\n\n<h2 class=\"wp-block-heading has-text-align-center has-medium-font-size\" style=\"letter-spacing:1px\"><strong>E<\/strong>STO ES DE TRENDLY <\/h2>\n\n\n\n<figure class=\"wp-block-image aligncenter size-full is-resized\"><img loading=\"lazy\" decoding=\"async\" width=\"579\" height=\"579\" src=\"https:\/\/ldelablanca.mkgv1.com.es\/wp-content\/uploads\/2025\/11\/image-7.png\" alt=\"\" class=\"wp-image-176\" style=\"width:265px;height:auto\" srcset=\"https:\/\/ldelablanca.mkgv1.com.es\/wp-content\/uploads\/2025\/11\/image-7.png 579w, https:\/\/ldelablanca.mkgv1.com.es\/wp-content\/uploads\/2025\/11\/image-7-300x300.png 300w, https:\/\/ldelablanca.mkgv1.com.es\/wp-content\/uploads\/2025\/11\/image-7-150x150.png 150w\" sizes=\"auto, (max-width: 579px) 100vw, 579px\" \/><\/figure>\n\n\n\n<p class=\"has-text-align-center\"><br><\/p>\n\n\n\n<p class=\"has-text-align-center\">Somos un espacio donde la moda, las tendencias y el salseo del momento se encuentran. Nos encanta compartir contigo lo m\u00e1s viral y mantenerte al d\u00eda de todo lo que est\u00e1 pasando. Si necesitas hablar con nosotros, aqu\u00ed tienes tu rinc\u00f3n. \u00a1Te responderemos encantados!<\/p>\n\n\n\n<div class=\"wp-block-buttons is-horizontal is-content-justification-center is-layout-flex wp-container-core-buttons-is-layout-03627597 wp-block-buttons-is-layout-flex\">\n<div class=\"wp-block-button is-style-outline is-style-outline--1\"><a class=\"wp-block-button__link has-small-font-size has-custom-font-size wp-element-button\" href=\"https:\/\/ldelablanca.mkgv1.com.es\/wp-admin\/post.php?post=10&amp;action=edit\" style=\"border-radius:0px\">Cont\u00e1ctanos<\/a><\/div>\n<\/div>\n\n\n\n<div style=\"height:57px\" aria-hidden=\"true\" class=\"wp-block-spacer\"><\/div>\n<\/div>\n\n\n\n<div id=\"services\" class=\"wp-block-group alignfull pattern_multiple_covers has-background has-global-padding is-layout-constrained wp-block-group-is-layout-constrained\">\n<div style=\"height:84px\" aria-hidden=\"true\" class=\"wp-block-spacer\"><\/div>\n\n\n\n<p class=\"has-text-align-left has-secondary-color has-text-color\" style=\"letter-spacing:1px\">\u00a1\u00danete a nosotros!<\/p>\n\n\n\n<h2 class=\"wp-block-heading has-text-align-left\">Nuestros servicios<\/h2>\n\n\n\n<p class=\"has-text-align-left\">En Trendly te ofrecemos contenido fresco, actual y pensado para que no te pierdas nada.<\/p>\n\n\n\n<p>Aqu\u00ed podras encontrar <\/p>\n\n\n\n<ul class=\"wp-block-list\">\n<li>Noticias de tendencia como lo que est\u00e1 arrasando en moda y lifestyle.<\/li>\n\n\n\n<li>Salseo y actualidad viral como historias, cotilleos y lo que est\u00e1 comentando todo el mundo.<\/li>\n\n\n\n<li>An\u00e1lisis de estilo ,outfits del momento y microtendencias.<\/li>\n\n\n\n<li>Colaboraciones especiales creadas mano a mano con otras webs y proyectos creativos.<\/li>\n<\/ul>\n\n\n\n<div style=\"height:46px\" aria-hidden=\"true\" class=\"wp-block-spacer\"><\/div>\n\n\n\n<div class=\"wp-block-columns is-layout-flex wp-container-core-columns-is-layout-28f84493 wp-block-columns-is-layout-flex\">\n<div class=\"wp-block-column is-layout-flow wp-block-column-is-layout-flow\" style=\"padding-top:0;padding-right:0;padding-bottom:0;padding-left:0\">\n<div class=\"wp-block-cover has-custom-content-position is-position-bottom-left\" style=\"padding-top:var(--wp--preset--spacing--small);padding-right:var(--wp--preset--spacing--x-small);padding-bottom:var(--wp--preset--spacing--small);padding-left:var(--wp--preset--spacing--x-small)\"><img loading=\"lazy\" decoding=\"async\" width=\"563\" height=\"751\" class=\"wp-block-cover__image-background wp-image-164 size-full\" alt=\"\" src=\"https:\/\/ldelablanca.mkgv1.com.es\/wp-content\/uploads\/2025\/11\/5d9d9c3b8ca9c6c902e0b4d5c7f665b6.jpg\" data-object-fit=\"cover\" srcset=\"https:\/\/ldelablanca.mkgv1.com.es\/wp-content\/uploads\/2025\/11\/5d9d9c3b8ca9c6c902e0b4d5c7f665b6.jpg 563w, https:\/\/ldelablanca.mkgv1.com.es\/wp-content\/uploads\/2025\/11\/5d9d9c3b8ca9c6c902e0b4d5c7f665b6-225x300.jpg 225w\" sizes=\"auto, (max-width: 563px) 100vw, 563px\" \/><span aria-hidden=\"true\" class=\"wp-block-cover__background has-primary-background-color has-background-dim-70 has-background-dim\"><\/span><div class=\"wp-block-cover__inner-container is-layout-flow wp-block-cover-is-layout-flow\">\n<h3 class=\"wp-block-heading has-white-color has-text-color has-medium-font-size\" style=\"margin-top:0;margin-right:0;margin-bottom:0;margin-left:0\">BREAKING NEWS<\/h3>\n\n\n\n<p class=\"has-secondary-color has-text-color has-link-color wp-elements-7ac9aa2fcebdf867a961628d73b34db2\" style=\"margin-top:0;margin-right:0;margin-bottom:0;margin-left:0\"><a href=\"https:\/\/ldelablanca.mkgv1.com.es\/?page_id=42\">Descubrir m\u00e1s \u2192<\/a><\/p>\n<\/div><\/div>\n<\/div>\n\n\n\n<div class=\"wp-block-column is-layout-flow wp-block-column-is-layout-flow\" style=\"padding-top:0;padding-right:0;padding-bottom:0;padding-left:0\">\n<div class=\"wp-block-cover has-custom-content-position is-position-bottom-left\" style=\"padding-top:var(--wp--preset--spacing--small);padding-right:var(--wp--preset--spacing--x-small);padding-bottom:var(--wp--preset--spacing--small);padding-left:var(--wp--preset--spacing--x-small)\"><img loading=\"lazy\" decoding=\"async\" width=\"634\" height=\"634\" class=\"wp-block-cover__image-background wp-image-166 size-full\" alt=\"\" src=\"https:\/\/ldelablanca.mkgv1.com.es\/wp-content\/uploads\/2025\/11\/c38e5c011a9d0ee7cc25bdc80074af0c-1.jpg\" data-object-fit=\"cover\" srcset=\"https:\/\/ldelablanca.mkgv1.com.es\/wp-content\/uploads\/2025\/11\/c38e5c011a9d0ee7cc25bdc80074af0c-1.jpg 634w, https:\/\/ldelablanca.mkgv1.com.es\/wp-content\/uploads\/2025\/11\/c38e5c011a9d0ee7cc25bdc80074af0c-1-300x300.jpg 300w, https:\/\/ldelablanca.mkgv1.com.es\/wp-content\/uploads\/2025\/11\/c38e5c011a9d0ee7cc25bdc80074af0c-1-150x150.jpg 150w\" sizes=\"auto, (max-width: 634px) 100vw, 634px\" \/><span aria-hidden=\"true\" class=\"wp-block-cover__background has-primary-background-color has-background-dim-70 has-background-dim\"><\/span><div class=\"wp-block-cover__inner-container is-layout-flow wp-block-cover-is-layout-flow\">\n<h3 class=\"wp-block-heading has-white-color has-text-color has-medium-font-size\" style=\"margin-top:0;margin-right:0;margin-bottom:0;margin-left:0\">VIRAL Y COTILLEOS<\/h3>\n\n\n\n<p class=\"has-secondary-color has-text-color has-link-color wp-elements-cbe8e03e849e328849486228a473f593\" style=\"margin-top:0;margin-right:0;margin-bottom:0;margin-left:0\"><a href=\"https:\/\/ldelablanca.mkgv1.com.es\/?page_id=50\">Descubrir m\u00e1s \u2192<\/a><\/p>\n<\/div><\/div>\n<\/div>\n\n\n\n<div class=\"wp-block-column is-layout-flow wp-block-column-is-layout-flow\" style=\"padding-top:0;padding-right:0;padding-bottom:0;padding-left:0\">\n<div class=\"wp-block-cover has-custom-content-position is-position-bottom-left\" style=\"padding-top:var(--wp--preset--spacing--small);padding-right:var(--wp--preset--spacing--x-small);padding-bottom:var(--wp--preset--spacing--small);padding-left:var(--wp--preset--spacing--x-small)\"><img loading=\"lazy\" decoding=\"async\" width=\"1024\" height=\"461\" class=\"wp-block-cover__image-background wp-image-167 size-large\" alt=\"\" src=\"https:\/\/ldelablanca.mkgv1.com.es\/wp-content\/uploads\/2025\/11\/a7d6dc9a979e24fda0a82a5ee8372f32-1024x461.jpg\" data-object-fit=\"cover\" srcset=\"https:\/\/ldelablanca.mkgv1.com.es\/wp-content\/uploads\/2025\/11\/a7d6dc9a979e24fda0a82a5ee8372f32-1024x461.jpg 1024w, https:\/\/ldelablanca.mkgv1.com.es\/wp-content\/uploads\/2025\/11\/a7d6dc9a979e24fda0a82a5ee8372f32-300x135.jpg 300w, https:\/\/ldelablanca.mkgv1.com.es\/wp-content\/uploads\/2025\/11\/a7d6dc9a979e24fda0a82a5ee8372f32.jpg 1200w\" sizes=\"auto, (max-width: 1024px) 100vw, 1024px\" \/><span aria-hidden=\"true\" class=\"wp-block-cover__background has-primary-background-color has-background-dim-70 has-background-dim\"><\/span><div class=\"wp-block-cover__inner-container is-layout-flow wp-block-cover-is-layout-flow\">\n<h3 class=\"wp-block-heading has-white-color has-text-color has-medium-font-size\" style=\"margin-top:0;margin-right:0;margin-bottom:0;margin-left:0\">LIFESTYLE<\/h3>\n\n\n\n<p class=\"has-secondary-color has-text-color has-link-color wp-elements-7d5beae2c7253542c8e71031c661fcd0\" style=\"margin-top:0;margin-right:0;margin-bottom:0;margin-left:0\"><a href=\"https:\/\/ldelablanca.mkgv1.com.es\/?page_id=52\">Descubrir m\u00e1s \u2192<\/a><\/p>\n<\/div><\/div>\n<\/div>\n<\/div>\n\n\n\n<div style=\"height:103px\" aria-hidden=\"true\" class=\"wp-block-spacer\"><\/div>\n<\/div>\n\n\n\n<div class=\"wp-block-group alignfull has-global-padding is-layout-constrained wp-block-group-is-layout-constrained\">\n<div class=\"wp-block-group has-global-padding is-layout-constrained wp-block-group-is-layout-constrained\" style=\"padding-top:var(--wp--preset--spacing--small);padding-bottom:var(--wp--preset--spacing--small)\">\n<div style=\"height:30px\" aria-hidden=\"true\" class=\"wp-block-spacer\"><\/div>\n\n\n\n<div class=\"wp-block-columns is-layout-flex wp-container-core-columns-is-layout-c375d253 wp-block-columns-is-layout-flex\">\n<div class=\"wp-block-column is-vertically-aligned-center is-layout-flow wp-block-column-is-layout-flow\">\n<h2 class=\"wp-block-heading has-medium-font-size\" style=\"text-transform:uppercase\">SOBRE NOSOTROS<\/h2>\n\n\n\n<p>\u00bfQuieres saber qui\u00e9n mueve los hilos en Trendly?<\/p>\n\n\n\n<p>Spoiler: somos j\u00f3venes, curiosos y un poco adictos al salseo.<\/p>\n\n\n\n<p>Descubrelo todo aqu\u00ed.<\/p>\n\n\n\n<div class=\"wp-block-buttons is-horizontal is-content-justification-left is-layout-flex wp-container-core-buttons-is-layout-20be11b6 wp-block-buttons-is-layout-flex\">\n<div class=\"wp-block-button is-style-outline is-style-outline--2\"><a class=\"wp-block-button__link wp-element-button\" href=\"https:\/\/ldelablanca.mkgv1.com.es\/?page_id=77\" style=\"border-radius:0px\">Qui\u00e9nes somos<\/a><\/div>\n<\/div>\n\n\n\n<p><\/p>\n<\/div>\n\n\n\n<div class=\"wp-block-column is-layout-flow wp-block-column-is-layout-flow\">\n<figure class=\"wp-block-image aligncenter size-large is-resized\"><img loading=\"lazy\" decoding=\"async\" width=\"1024\" height=\"1024\" src=\"https:\/\/ldelablanca.mkgv1.com.es\/wp-content\/uploads\/2025\/11\/52be71b3bfc64b8d4781100953135753-1024x1024.jpg\" alt=\"\" class=\"wp-image-192\" style=\"width:382px;height:auto\" srcset=\"https:\/\/ldelablanca.mkgv1.com.es\/wp-content\/uploads\/2025\/11\/52be71b3bfc64b8d4781100953135753-1024x1024.jpg 1024w, https:\/\/ldelablanca.mkgv1.com.es\/wp-content\/uploads\/2025\/11\/52be71b3bfc64b8d4781100953135753-300x300.jpg 300w, https:\/\/ldelablanca.mkgv1.com.es\/wp-content\/uploads\/2025\/11\/52be71b3bfc64b8d4781100953135753-150x150.jpg 150w, https:\/\/ldelablanca.mkgv1.com.es\/wp-content\/uploads\/2025\/11\/52be71b3bfc64b8d4781100953135753.jpg 1200w\" sizes=\"auto, (max-width: 1024px) 100vw, 1024px\" \/><\/figure>\n<\/div>\n<\/div>\n\n\n\n<div style=\"height:30px\" aria-hidden=\"true\" class=\"wp-block-spacer\"><\/div>\n<\/div>\n<\/div>\n\n\n\n<div class=\"wp-block-group alignfull has-background has-global-padding is-layout-constrained wp-block-group-is-layout-constrained\">\n<div class=\"wp-block-group has-global-padding is-layout-constrained wp-block-group-is-layout-constrained\" style=\"padding-top:var(--wp--preset--spacing--small);padding-bottom:var(--wp--preset--spacing--small)\">\n<div style=\"height:30px\" aria-hidden=\"true\" class=\"wp-block-spacer\"><\/div>\n\n\n\n<div class=\"wp-block-columns are-vertically-aligned-center is-layout-flex wp-container-core-columns-is-layout-c375d253 wp-block-columns-is-layout-flex\">\n<div class=\"wp-block-column is-vertically-aligned-center is-layout-flow wp-block-column-is-layout-flow\">\n<figure class=\"wp-block-gallery has-nested-images columns-default is-cropped wp-block-gallery-3 is-layout-flex wp-block-gallery-is-layout-flex\">\n<figure class=\"wp-block-image size-large\"><img loading=\"lazy\" decoding=\"async\" width=\"735\" height=\"493\" data-id=\"197\" src=\"https:\/\/ldelablanca.mkgv1.com.es\/wp-content\/uploads\/2025\/11\/c2a500708ae9b68a5306e6b2c124ffb4.jpg\" alt=\"\" class=\"wp-image-197\" srcset=\"https:\/\/ldelablanca.mkgv1.com.es\/wp-content\/uploads\/2025\/11\/c2a500708ae9b68a5306e6b2c124ffb4.jpg 735w, https:\/\/ldelablanca.mkgv1.com.es\/wp-content\/uploads\/2025\/11\/c2a500708ae9b68a5306e6b2c124ffb4-300x201.jpg 300w\" sizes=\"auto, (max-width: 735px) 100vw, 735px\" \/><\/figure>\n<\/figure>\n<\/div>\n\n\n\n<div class=\"wp-block-column is-vertically-aligned-center is-layout-flow wp-block-column-is-layout-flow\">\n<h2 class=\"wp-block-heading has-medium-font-size\" style=\"text-transform:uppercase\">EXPLORA LO \u00daLTIMO<\/h2>\n\n\n\n<p>Descubre nuestros art\u00edculos m\u00e1s recientes,an\u00e1lisis r\u00e1pidos y colaboraciones especiales junto a otras webs.<\/p>\n\n\n\n<p>Visita el blog aqu\u00ed <\/p>\n\n\n\n<div class=\"wp-block-buttons is-layout-flex wp-block-buttons-is-layout-flex\">\n<div class=\"wp-block-button is-style-outline is-style-outline--4\"><a class=\"wp-block-button__link wp-element-button\" href=\"https:\/\/ldelablanca.mkgv1.com.es\/?page_id=11\" style=\"border-radius:0px\">BLOG<\/a><\/div>\n<\/div>\n<\/div>\n<\/div>\n\n\n\n<div style=\"height:30px\" aria-hidden=\"true\" class=\"wp-block-spacer\"><\/div>\n<\/div>\n<\/div>\n\n\n\n<div id=\"partners\" class=\"wp-block-group has-global-padding is-content-justification-center is-layout-constrained wp-container-core-group-is-layout-dc06fb1d wp-block-group-is-layout-constrained\">\n<div style=\"height:80px\" aria-hidden=\"true\" class=\"wp-block-spacer\"><\/div>\n\n\n\n<div style=\"height:100px\" aria-hidden=\"true\" class=\"wp-block-spacer\"><\/div>\n<\/div>\n\n\n\n<div class=\"wp-block-cover alignfull has-parallax is-position-center-center\" style=\"border-radius:0px\"><div class=\"wp-block-cover__image-background wp-image-221 size-large has-parallax\" style=\"background-position:50% 50%;background-image:url(https:\/\/ldelablanca.mkgv1.com.es\/wp-content\/uploads\/2025\/11\/d98e2974a131964f05256e95e8364de9-1-1024x682.jpg)\"><\/div><span aria-hidden=\"true\" class=\"wp-block-cover__background has-black-background-color has-background-dim-40 has-background-dim\"><\/span><div class=\"wp-block-cover__inner-container is-layout-flow wp-block-cover-is-layout-flow\">\n<div class=\"wp-block-group has-global-padding is-layout-constrained wp-block-group-is-layout-constrained\">\n<p class=\"has-text-align-center\"><strong>LA VERDAD SEG\u00daN TRENDLY<br><\/strong><\/p>\n\n\n\n<p class=\"has-text-align-center has-white-color has-text-color\"><strong>Opinamos, analizamos y te contamos sin filtros lo que realmente pensamos.<br>P\u00e1sate por nuestra opini\u00f3n Trendly.<\/strong><\/p>\n\n\n\n<p class=\"has-text-align-center has-white-color has-text-color\"><\/p>\n\n\n\n<div style=\"height:31px\" aria-hidden=\"true\" class=\"wp-block-spacer\"><\/div>\n\n\n\n<div class=\"wp-block-buttons is-horizontal is-content-justification-center is-layout-flex wp-container-core-buttons-is-layout-03627597 wp-block-buttons-is-layout-flex\">\n<div class=\"wp-block-button is-style-outline is-style-outline--5\"><a class=\"wp-block-button__link has-white-color has-text-color wp-element-button\" href=\"https:\/\/ldelablanca.mkgv1.com.es\/?page_id=75\" style=\"border-radius:0px\">TRENDLY OPINA<\/a><\/div>\n<\/div>\n<\/div>\n<\/div><\/div>\n\n\n\n<div id=\"news\" class=\"wp-block-group has-global-padding is-layout-constrained wp-block-group-is-layout-constrained\">\n<div style=\"height:108px\" aria-hidden=\"true\" class=\"wp-block-spacer\"><\/div>\n\n\n\n<p class=\"has-text-align-left has-secondary-color has-text-color\"><strong>DE NUESTRO BLOG<\/strong><\/p>\n\n\n\n<h2 class=\"wp-block-heading has-text-align-left\">Ultimas noticias<\/h2>\n\n\n\n<div style=\"height:33px\" aria-hidden=\"true\" class=\"wp-block-spacer\"><\/div>\n\n\n\n<div class=\"wp-block-query is-layout-flow wp-block-query-is-layout-flow\"><ul class=\"columns-3 wp-block-post-template is-layout-grid wp-container-core-post-template-is-layout-6aac66c0 wp-block-post-template-is-layout-grid\"><li class=\"wp-block-post post-116 post type-post status-publish format-standard has-post-thumbnail hentry category-uncategorized\">\n<figure style=\"width:100%;height:240px; margin-bottom:var(--wp--preset--spacing--x-small);\" class=\"wp-block-post-featured-image\"><a href=\"https:\/\/ldelablanca.mkgv1.com.es\/?p=116\" target=\"_self\"  style=\"height:240px\"><img loading=\"lazy\" decoding=\"async\" width=\"350\" height=\"164\" src=\"https:\/\/ldelablanca.mkgv1.com.es\/wp-content\/uploads\/2025\/11\/Menos-caos-mas-glamour.-El-orden-que-libera-tu-creatividad.-1-1.png\" class=\"attachment-post-thumbnail size-post-thumbnail wp-post-image\" alt=\"Sencillez y estilo: c\u00f3mo el minimalismo transforma la moda y el hogar\" style=\"border-radius:5px;height:240px;object-fit:cover;\" srcset=\"https:\/\/ldelablanca.mkgv1.com.es\/wp-content\/uploads\/2025\/11\/Menos-caos-mas-glamour.-El-orden-que-libera-tu-creatividad.-1-1.png 350w, https:\/\/ldelablanca.mkgv1.com.es\/wp-content\/uploads\/2025\/11\/Menos-caos-mas-glamour.-El-orden-que-libera-tu-creatividad.-1-1-300x141.png 300w\" sizes=\"auto, 100vw\" \/><\/a><\/figure>\n\n<div style=\"margin-top:0;margin-bottom:0;\" class=\"has-link-color wp-elements-81b22c36d1d8b884fcf13a99846b36c3 wp-block-post-date has-text-color has-tertiary-color\"><time datetime=\"2025-11-07T12:04:06+00:00\">noviembre 7, 2025<\/time><\/div>\n\n<h3 style=\"margin-top:0;margin-bottom:var(--wp--preset--spacing--x-small);\" class=\"has-link-color wp-elements-2e75b4e4fab489cf445e03eda13279d1 wp-block-post-title\"><a href=\"https:\/\/ldelablanca.mkgv1.com.es\/?p=116\" target=\"_self\" >Sencillez y estilo: c\u00f3mo el minimalismo transforma la moda y el hogar<\/a><\/h3>\n\n<div class=\"has-link-color wp-elements-61eeeb1d6c31f3761cb8bc35b6e1a095 wp-block-post-excerpt has-text-color has-tertiary-color\"><p class=\"wp-block-post-excerpt__excerpt\">Presentaci\u00f3n de Trendly y Alma-Zen En un mundo acelerado, donde el ruido visual y el exceso dominan cada rinc\u00f3n, la sencillez se ha convertido en un nuevo lujo.De esta idea nace la colaboraci\u00f3n entre Trendly, plataforma dedicada a&hellip; <\/p><\/div>\n\n<a style=\"text-transform:uppercase; border-width:2px; padding-right:var(--wp--preset--spacing--x-small);padding-left:var(--wp--preset--spacing--x-small);padding-top:10px;padding-bottom:10px;\" class=\"wp-block-read-more has-text-color has-foreground-color\" href=\"https:\/\/ldelablanca.mkgv1.com.es\/?p=116\" target=\"_self\">Leer m\u00e1s<span class=\"screen-reader-text\">: Sencillez y estilo: c\u00f3mo el minimalismo transforma la moda y el hogar<\/span><\/a>\n<\/li><li class=\"wp-block-post post-105 post type-post status-publish format-standard has-post-thumbnail hentry category-uncategorized\">\n<figure style=\"width:100%;height:240px; margin-bottom:var(--wp--preset--spacing--x-small);\" class=\"wp-block-post-featured-image\"><a href=\"https:\/\/ldelablanca.mkgv1.com.es\/?p=105\" target=\"_self\"  style=\"height:240px\"><img loading=\"lazy\" decoding=\"async\" width=\"313\" height=\"199\" src=\"https:\/\/ldelablanca.mkgv1.com.es\/wp-content\/uploads\/2025\/11\/Diseno-sin-titulo-1-1.png\" class=\"attachment-post-thumbnail size-post-thumbnail wp-post-image\" alt=\"Moda inteligente: c\u00f3mo la tecnolog\u00eda redefine el streetwear juvenil\" style=\"border-radius:5px;height:240px;object-fit:cover;\" srcset=\"https:\/\/ldelablanca.mkgv1.com.es\/wp-content\/uploads\/2025\/11\/Diseno-sin-titulo-1-1.png 313w, https:\/\/ldelablanca.mkgv1.com.es\/wp-content\/uploads\/2025\/11\/Diseno-sin-titulo-1-1-300x191.png 300w\" sizes=\"auto, 100vw\" \/><\/a><\/figure>\n\n<div style=\"margin-top:0;margin-bottom:0;\" class=\"has-link-color wp-elements-81b22c36d1d8b884fcf13a99846b36c3 wp-block-post-date has-text-color has-tertiary-color\"><time datetime=\"2025-11-07T11:07:54+00:00\">noviembre 7, 2025<\/time><\/div>\n\n<h3 style=\"margin-top:0;margin-bottom:var(--wp--preset--spacing--x-small);\" class=\"has-link-color wp-elements-2e75b4e4fab489cf445e03eda13279d1 wp-block-post-title\"><a href=\"https:\/\/ldelablanca.mkgv1.com.es\/?p=105\" target=\"_self\" >Moda inteligente: c\u00f3mo la tecnolog\u00eda redefine el streetwear juvenil<\/a><\/h3>\n\n<div class=\"has-link-color wp-elements-61eeeb1d6c31f3761cb8bc35b6e1a095 wp-block-post-excerpt has-text-color has-tertiary-color\"><p class=\"wp-block-post-excerpt__excerpt\">Presentaci\u00f3n de Trendly y Fit Yourself El mundo de la moda est\u00e1 cambiando a la misma velocidad que la tecnolog\u00eda. Lo que antes era una simple prenda hoy puede medir tu actividad, adaptarse al clima o incluso cambiar&hellip; <\/p><\/div>\n\n<a style=\"text-transform:uppercase; border-width:2px; padding-right:var(--wp--preset--spacing--x-small);padding-left:var(--wp--preset--spacing--x-small);padding-top:10px;padding-bottom:10px;\" class=\"wp-block-read-more has-text-color has-foreground-color\" href=\"https:\/\/ldelablanca.mkgv1.com.es\/?p=105\" target=\"_self\">Leer m\u00e1s<span class=\"screen-reader-text\">: Moda inteligente: c\u00f3mo la tecnolog\u00eda redefine el streetwear juvenil<\/span><\/a>\n<\/li><li class=\"wp-block-post post-100 post type-post status-publish format-standard has-post-thumbnail hentry category-uncategorized\">\n<figure style=\"width:100%;height:240px; margin-bottom:var(--wp--preset--spacing--x-small);\" class=\"wp-block-post-featured-image\"><a href=\"https:\/\/ldelablanca.mkgv1.com.es\/?p=100\" target=\"_self\"  style=\"height:240px\"><img loading=\"lazy\" decoding=\"async\" width=\"872\" height=\"584\" src=\"https:\/\/ldelablanca.mkgv1.com.es\/wp-content\/uploads\/2025\/11\/Screenshot-2025-11-12-10.07.33.png\" class=\"attachment-post-thumbnail size-post-thumbnail wp-post-image\" alt=\"Viajar con estilo: c\u00f3mo la moda joven se inspira en las rutas por el mundo\" style=\"border-radius:5px;height:240px;object-fit:cover;\" srcset=\"https:\/\/ldelablanca.mkgv1.com.es\/wp-content\/uploads\/2025\/11\/Screenshot-2025-11-12-10.07.33.png 872w, https:\/\/ldelablanca.mkgv1.com.es\/wp-content\/uploads\/2025\/11\/Screenshot-2025-11-12-10.07.33-300x201.png 300w\" sizes=\"auto, 100vw\" \/><\/a><\/figure>\n\n<div style=\"margin-top:0;margin-bottom:0;\" class=\"has-link-color wp-elements-81b22c36d1d8b884fcf13a99846b36c3 wp-block-post-date has-text-color has-tertiary-color\"><time datetime=\"2025-11-05T09:06:39+00:00\">noviembre 5, 2025<\/time><\/div>\n\n<h3 style=\"margin-top:0;margin-bottom:var(--wp--preset--spacing--x-small);\" class=\"has-link-color wp-elements-2e75b4e4fab489cf445e03eda13279d1 wp-block-post-title\"><a href=\"https:\/\/ldelablanca.mkgv1.com.es\/?p=100\" target=\"_self\" >Viajar con estilo: c\u00f3mo la moda joven se inspira en las rutas por el mundo<\/a><\/h3>\n\n<div class=\"has-link-color wp-elements-61eeeb1d6c31f3761cb8bc35b6e1a095 wp-block-post-excerpt has-text-color has-tertiary-color\"><p class=\"wp-block-post-excerpt__excerpt\">En una era en la que los j\u00f3venes no solo buscan conocer nuevos destinos, sino tambi\u00e9n expresarse a trav\u00e9s de la moda, surge una colaboraci\u00f3n especial: Rutas por el Mundo, blog especializado en experiencias viajeras aut\u00e9nticas, y Trendly,&hellip; <\/p><\/div>\n\n<a style=\"text-transform:uppercase; border-width:2px; padding-right:var(--wp--preset--spacing--x-small);padding-left:var(--wp--preset--spacing--x-small);padding-top:10px;padding-bottom:10px;\" class=\"wp-block-read-more has-text-color has-foreground-color\" href=\"https:\/\/ldelablanca.mkgv1.com.es\/?p=100\" target=\"_self\">Leer m\u00e1s<span class=\"screen-reader-text\">: Viajar con estilo: c\u00f3mo la moda joven se inspira en las rutas por el mundo<\/span><\/a>\n<\/li><\/ul>\n\n<\/div>\n\n\n\n<div style=\"height:85px\" aria-hidden=\"true\" class=\"wp-block-spacer\"><\/div>\n<\/div>\n\n\n","protected":false},"excerpt":{"rendered":"<p>ESTO ES DE TRENDLY Somos un espacio donde la moda, las tendencias y el salseo del momento se encuentran. Nos encanta compartir contigo lo m\u00e1s viral y mantenerte al d\u00eda de todo lo que est\u00e1 pasando. Si necesitas hablar con nosotros, aqu\u00ed tienes tu rinc\u00f3n. \u00a1Te responderemos encantados! \u00a1\u00danete a nosotros! Nuestros servicios En Trendly &hellip; <\/p>\n<p class=\"link-more\"><a href=\"https:\/\/ldelablanca.mkgv1.com.es\/\" class=\"more-link\">Leer m\u00e1s<span class=\"screen-reader-text\"> \u00abP\u00e1gina de inicio\u00bb<\/span><\/a><\/p>\n","protected":false},"author":1,"featured_media":0,"parent":0,"menu_order":0,"comment_status":"closed","ping_status":"closed","template":"page-templates\/homepage-builder-bb.php","meta":{"footnotes":""},"class_list":["post-8","page","type-page","status-publish","hentry"],"_links":{"self":[{"href":"https:\/\/ldelablanca.mkgv1.com.es\/index.php?rest_route=\/wp\/v2\/pages\/8","targetHints":{"allow":["GET"]}}],"collection":[{"href":"https:\/\/ldelablanca.mkgv1.com.es\/index.php?rest_route=\/wp\/v2\/pages"}],"about":[{"href":"https:\/\/ldelablanca.mkgv1.com.es\/index.php?rest_route=\/wp\/v2\/types\/page"}],"author":[{"embeddable":true,"href":"https:\/\/ldelablanca.mkgv1.com.es\/index.php?rest_route=\/wp\/v2\/users\/1"}],"replies":[{"embeddable":true,"href":"https:\/\/ldelablanca.mkgv1.com.es\/index.php?rest_route=%2Fwp%2Fv2%2Fcomments&post=8"}],"version-history":[{"count":20,"href":"https:\/\/ldelablanca.mkgv1.com.es\/index.php?rest_route=\/wp\/v2\/pages\/8\/revisions"}],"predecessor-version":[{"id":326,"href":"https:\/\/ldelablanca.mkgv1.com.es\/index.php?rest_route=\/wp\/v2\/pages\/8\/revisions\/326"}],"wp:attachment":[{"href":"https:\/\/ldelablanca.mkgv1.com.es\/index.php?rest_route=%2Fwp%2Fv2%2Fmedia&parent=8"}],"curies":[{"name":"wp","href":"https:\/\/api.w.org\/{rel}","templated":true}]}}