{"id":42,"date":"2025-10-29T08:51:51","date_gmt":"2025-10-29T08:51:51","guid":{"rendered":"https:\/\/ldelablanca.mkgv1.com.es\/?page_id=42"},"modified":"2025-12-03T16:39:42","modified_gmt":"2025-12-03T16:39:42","slug":"1-2","status":"publish","type":"page","link":"https:\/\/ldelablanca.mkgv1.com.es\/?page_id=42","title":{"rendered":"Tendencias"},"content":{"rendered":"\n<p>Y si hablamos de creadores que est\u00e1n marcando tendencia no podemos dejar fuera a Ibai Llanos. Con millones de seguidores, un cambio f\u00edsico radical y eventos que rompen r\u00e9cords, su nombre suena m\u00e1s fuerte que nunca en redes, streaming y cultura joven.<\/p>\n\n\n\n<p>Durante 2024\u20132025, Ibai protagoniz\u00f3 una transformaci\u00f3n f\u00edsica espectacular: pas\u00f3 de alrededor de 162-165 kg a 99 kg en un a\u00f1o, perdiendo m\u00e1s de 50 kilos.\u00c9l mismo comparti\u00f3 en redes los pasos: entrenamiento, caminatas, dieta\u2026 dejando claro que fue por salud, no est\u00e9tica.Tras su cambio muchos lo ven como un referente de superaci\u00f3n personal: su constancia y visibilidad han generado admiraci\u00f3n.<\/p>\n\n\n\n<p><\/p>\n\n\n\n<figure class=\"wp-block-image alignright size-large is-resized\"><img loading=\"lazy\" decoding=\"async\" width=\"1024\" height=\"768\" src=\"https:\/\/ldelablanca.mkgv1.com.es\/wp-content\/uploads\/2025\/12\/image-33-1024x768.png\" alt=\"\" class=\"wp-image-305\" style=\"width:299px;height:auto\" srcset=\"https:\/\/ldelablanca.mkgv1.com.es\/wp-content\/uploads\/2025\/12\/image-33-1024x768.png 1024w, https:\/\/ldelablanca.mkgv1.com.es\/wp-content\/uploads\/2025\/12\/image-33-300x225.png 300w, https:\/\/ldelablanca.mkgv1.com.es\/wp-content\/uploads\/2025\/12\/image-33.png 1200w\" sizes=\"auto, (max-width: 1024px) 100vw, 1024px\" \/><\/figure>\n\n\n\n<figure class=\"wp-block-image size-full is-resized\"><img loading=\"lazy\" decoding=\"async\" width=\"686\" height=\"386\" src=\"https:\/\/ldelablanca.mkgv1.com.es\/wp-content\/uploads\/2025\/12\/image-34.png\" alt=\"\" class=\"wp-image-306\" style=\"aspect-ratio:1.7772972972972974;width:355px;height:auto\" srcset=\"https:\/\/ldelablanca.mkgv1.com.es\/wp-content\/uploads\/2025\/12\/image-34.png 686w, https:\/\/ldelablanca.mkgv1.com.es\/wp-content\/uploads\/2025\/12\/image-34-300x169.png 300w\" sizes=\"auto, (max-width: 686px) 100vw, 686px\" \/><\/figure>\n\n\n\n<p><\/p>\n\n\n\n<p><\/p>\n\n\n\n<p><\/p>\n\n\n\n<p>Ibai es creador del evento La Velada del A\u00f1o 2025 marc\u00f3 un antes y un despu\u00e9s.La edici\u00f3n V volvi\u00f3 a romper todos los r\u00e9cords en streaming y audiencia.Por primera vez el se encarg\u00f3 de \u201cLa Velada\u201d en solitario, tras su desvinculaci\u00f3n con la antigua sociedad que ten\u00eda con Gerard Piqu\u00e9 .Ha sido una apuesta personal y arriesgada que hasta ahora le est\u00e1 saliendo muy bien.Adem\u00e1s, su club de f\u00fatbol digital Porcinos FC fundado junto a otros streamers acaba de ganar la Kings Cup Europe 2025, convirti\u00e9ndose en uno de los focos de atenci\u00f3n del mundo gamer esports.<\/p>\n\n\n\n<p><\/p>\n\n\n\n<p><\/p>\n\n\n\n<p><\/p>\n\n\n\n<figure class=\"wp-block-image alignleft size-large is-resized\"><img loading=\"lazy\" decoding=\"async\" width=\"1024\" height=\"576\" src=\"https:\/\/ldelablanca.mkgv1.com.es\/wp-content\/uploads\/2025\/12\/image-35-1024x576.png\" alt=\"\" class=\"wp-image-307\" style=\"width:288px;height:auto\" srcset=\"https:\/\/ldelablanca.mkgv1.com.es\/wp-content\/uploads\/2025\/12\/image-35-1024x576.png 1024w, https:\/\/ldelablanca.mkgv1.com.es\/wp-content\/uploads\/2025\/12\/image-35-300x169.png 300w, https:\/\/ldelablanca.mkgv1.com.es\/wp-content\/uploads\/2025\/12\/image-35.png 1280w\" sizes=\"auto, (max-width: 1024px) 100vw, 1024px\" \/><\/figure>\n\n\n\n<figure class=\"wp-block-image size-full\"><img loading=\"lazy\" decoding=\"async\" width=\"201\" height=\"251\" src=\"https:\/\/ldelablanca.mkgv1.com.es\/wp-content\/uploads\/2025\/12\/image-36.png\" alt=\"\" class=\"wp-image-308\"\/><\/figure>\n\n\n\n<p><\/p>\n\n\n\n<p><\/p>\n\n\n\n<p><\/p>\n\n\n\n<p>A comienzos de 2025 revolucion\u00f3 redes cuando mostr\u00f3 un v\u00eddeo afeit\u00e1ndose la barba y muchos seguidores bromearon creyendo que era un filtro o montaje, generando memes y debate.M\u00e1s recientemente, ha tenido que denunciar el uso de su imagen en fotos generadas por inteligencia artificial atribuy\u00e9ndole visitas a restaurantes en Latinoam\u00e9rica un claro ejemplo de lo que implica ser una figura viral en 2025.<\/p>\n\n\n\n<p><\/p>\n\n\n\n<p><\/p>\n\n\n\n<p><\/p>\n\n\n\n<p><strong>EL XOKAS VUELVE A INCENDIAR LAS REDES POL\u00c9MICAS, CAMBIOS DE RUMBO Y UN 2025 LLENO DE TITULARES<\/strong><\/p>\n\n\n\n<p>En 2025, El Xokas volvi\u00f3 a encender pol\u00e9mica tras criticar duramente al Gobierno espa\u00f1ol durante un directo diciendo que si le \u201cjoden la mitad de lo que gana\u201d exige que \u201cno lo gasten en putas\u201d un comentario fuerte que gener\u00f3 debate.Poco despu\u00e9s, revel\u00f3 que tras esas cr\u00edticas sufri\u00f3 una inspecci\u00f3n de Hacienda. Asegur\u00f3 que todo estaba en regla y que incluso le devolver\u00e1n dinero pero insinu\u00f3 que la inspecci\u00f3n pudo ser una represalia por sus opiniones p\u00fablicas.Su din\u00e1mica de directos, opiniones sin filtros y debates le mantiene siempre en el foco de atenci\u00f3n, lo que le convierte en una fuente constante de contenido viral.<\/p>\n\n\n\n<p><\/p>\n\n\n\n<p><\/p>\n\n\n\n<figure class=\"wp-block-gallery has-nested-images columns-default is-cropped wp-block-gallery-1 is-layout-flex wp-block-gallery-is-layout-flex\">\n<figure class=\"wp-block-image size-large is-resized\"><img loading=\"lazy\" decoding=\"async\" width=\"1024\" height=\"683\" data-id=\"309\" src=\"https:\/\/ldelablanca.mkgv1.com.es\/wp-content\/uploads\/2025\/12\/image-37-1024x683.png\" alt=\"\" class=\"wp-image-309\" style=\"width:249px;height:auto\" srcset=\"https:\/\/ldelablanca.mkgv1.com.es\/wp-content\/uploads\/2025\/12\/image-37-1024x683.png 1024w, https:\/\/ldelablanca.mkgv1.com.es\/wp-content\/uploads\/2025\/12\/image-37-300x200.png 300w, https:\/\/ldelablanca.mkgv1.com.es\/wp-content\/uploads\/2025\/12\/image-37.png 1200w\" sizes=\"auto, (max-width: 1024px) 100vw, 1024px\" \/><\/figure>\n\n\n\n<figure class=\"wp-block-image size-large is-resized\"><img loading=\"lazy\" decoding=\"async\" width=\"360\" height=\"203\" data-id=\"310\" src=\"https:\/\/ldelablanca.mkgv1.com.es\/wp-content\/uploads\/2025\/12\/image-38.png\" alt=\"\" class=\"wp-image-310\" style=\"width:321px;height:auto\" srcset=\"https:\/\/ldelablanca.mkgv1.com.es\/wp-content\/uploads\/2025\/12\/image-38.png 360w, https:\/\/ldelablanca.mkgv1.com.es\/wp-content\/uploads\/2025\/12\/image-38-300x169.png 300w\" sizes=\"auto, (max-width: 360px) 100vw, 360px\" \/><\/figure>\n<\/figure>\n\n\n\n<p><\/p>\n\n\n\n<p><\/p>\n\n\n\n<p>El streamer ha comenzado un entrenamiento militar en Galicia, tras aceptar un reto posiblemente contra IlloJuan para la pr\u00f3xima edici\u00f3n de \u201cLa Velada del A\u00f1o\u201d.Este giro lo aleja del simple streamer y lo acerca al mundo del espect\u00e1culo y al entretenimiento deportivo, lo que le da otro tipo de visibilidad medi\u00e1tica.<\/p>\n\n\n\n<p><\/p>\n\n\n\n<p><\/p>\n\n\n\n<p><\/p>\n\n\n\n<p><\/p>\n\n\n\n<figure class=\"wp-block-gallery has-nested-images columns-default is-cropped wp-block-gallery-2 is-layout-flex wp-block-gallery-is-layout-flex\">\n<figure class=\"wp-block-image size-large is-resized\"><img loading=\"lazy\" decoding=\"async\" width=\"1024\" height=\"576\" data-id=\"311\" src=\"https:\/\/ldelablanca.mkgv1.com.es\/wp-content\/uploads\/2025\/12\/image-39-1024x576.png\" alt=\"\" class=\"wp-image-311\" style=\"width:283px;height:auto\" srcset=\"https:\/\/ldelablanca.mkgv1.com.es\/wp-content\/uploads\/2025\/12\/image-39-1024x576.png 1024w, https:\/\/ldelablanca.mkgv1.com.es\/wp-content\/uploads\/2025\/12\/image-39-300x169.png 300w, https:\/\/ldelablanca.mkgv1.com.es\/wp-content\/uploads\/2025\/12\/image-39.png 1200w\" sizes=\"auto, (max-width: 1024px) 100vw, 1024px\" \/><\/figure>\n\n\n\n<figure class=\"wp-block-image size-large is-resized\"><img loading=\"lazy\" decoding=\"async\" width=\"1024\" height=\"576\" data-id=\"312\" src=\"https:\/\/ldelablanca.mkgv1.com.es\/wp-content\/uploads\/2025\/12\/image-40-1024x576.png\" alt=\"\" class=\"wp-image-312\" style=\"width:280px;height:auto\" srcset=\"https:\/\/ldelablanca.mkgv1.com.es\/wp-content\/uploads\/2025\/12\/image-40-1024x576.png 1024w, https:\/\/ldelablanca.mkgv1.com.es\/wp-content\/uploads\/2025\/12\/image-40-300x169.png 300w, https:\/\/ldelablanca.mkgv1.com.es\/wp-content\/uploads\/2025\/12\/image-40.png 1200w\" sizes=\"auto, (max-width: 1024px) 100vw, 1024px\" \/><\/figure>\n<\/figure>\n\n\n\n<p><\/p>\n\n\n\n<p><\/p>\n\n\n\n<p><\/p>\n\n\n\n<p><\/p>\n\n\n\n<p>Si quieres ver lo que pensamos en Trendly sobre el impacto real de estas pol\u00e9micas, tendencias y creadores, p\u00e1sate por nuestra secci\u00f3n <a href=\"https:\/\/ldelablanca.mkgv1.com.es\/?page_id=75\"><strong>Opini\u00f3n Trendly<\/strong><\/a>, donde comentamos sin filtros lo que otros no se atreven a decir.<\/p>\n\n\n\n<p><\/p>\n","protected":false},"excerpt":{"rendered":"<p>Y si hablamos de creadores que est\u00e1n marcando tendencia no podemos dejar fuera a Ibai Llanos. Con millones de seguidores, un cambio f\u00edsico radical y eventos que rompen r\u00e9cords, su nombre suena m\u00e1s fuerte que nunca en redes, streaming y cultura joven. Durante 2024\u20132025, Ibai protagoniz\u00f3 una transformaci\u00f3n f\u00edsica espectacular: pas\u00f3 de alrededor de 162-165 &hellip; <\/p>\n<p class=\"link-more\"><a href=\"https:\/\/ldelablanca.mkgv1.com.es\/?page_id=42\" class=\"more-link\">Leer m\u00e1s<span class=\"screen-reader-text\"> \u00abTendencias\u00bb<\/span><\/a><\/p>\n","protected":false},"author":1,"featured_media":0,"parent":0,"menu_order":0,"comment_status":"closed","ping_status":"closed","template":"","meta":{"footnotes":""},"class_list":["post-42","page","type-page","status-publish","hentry"],"_links":{"self":[{"href":"https:\/\/ldelablanca.mkgv1.com.es\/index.php?rest_route=\/wp\/v2\/pages\/42","targetHints":{"allow":["GET"]}}],"collection":[{"href":"https:\/\/ldelablanca.mkgv1.com.es\/index.php?rest_route=\/wp\/v2\/pages"}],"about":[{"href":"https:\/\/ldelablanca.mkgv1.com.es\/index.php?rest_route=\/wp\/v2\/types\/page"}],"author":[{"embeddable":true,"href":"https:\/\/ldelablanca.mkgv1.com.es\/index.php?rest_route=\/wp\/v2\/users\/1"}],"replies":[{"embeddable":true,"href":"https:\/\/ldelablanca.mkgv1.com.es\/index.php?rest_route=%2Fwp%2Fv2%2Fcomments&post=42"}],"version-history":[{"count":5,"href":"https:\/\/ldelablanca.mkgv1.com.es\/index.php?rest_route=\/wp\/v2\/pages\/42\/revisions"}],"predecessor-version":[{"id":314,"href":"https:\/\/ldelablanca.mkgv1.com.es\/index.php?rest_route=\/wp\/v2\/pages\/42\/revisions\/314"}],"wp:attachment":[{"href":"https:\/\/ldelablanca.mkgv1.com.es\/index.php?rest_route=%2Fwp%2Fv2%2Fmedia&parent=42"}],"curies":[{"name":"wp","href":"https:\/\/api.w.org\/{rel}","templated":true}]}}